{"id":7,"date":"2025-09-18T12:12:26","date_gmt":"2025-09-18T12:12:26","guid":{"rendered":"https:\/\/akustikturkuler.com\/?page_id=7"},"modified":"2026-03-23T10:07:04","modified_gmt":"2026-03-23T10:07:04","slug":"akustik-turkuler","status":"publish","type":"page","link":"https:\/\/akustikturkuler.com\/","title":{"rendered":"Akustik T\u00fcrk\u00fcler"},"content":{"rendered":"\t\t<div data-elementor-type=\"wp-post\" data-elementor-id=\"7\" class=\"elementor elementor-7\">\n\t\t\t\t<div class=\"elementor-element elementor-element-ee4f569 e-flex e-con-boxed e-con e-parent\" data-id=\"ee4f569\" data-element_type=\"container\" data-e-type=\"container\" data-settings=\"{&quot;background_background&quot;:&quot;classic&quot;}\">\n\t\t\t\t\t<div class=\"e-con-inner\">\n\t\t\t\t<div class=\"elementor-element elementor-element-0ce04cc elementor-widget elementor-widget-image\" data-id=\"0ce04cc\" data-element_type=\"widget\" data-e-type=\"widget\" data-widget_type=\"image.default\">\n\t\t\t\t\t\t\t\t\t\t\t\t\t\t\t<img fetchpriority=\"high\" decoding=\"async\" width=\"1024\" height=\"273\" src=\"https:\/\/akustikturkuler.com\/wp-content\/uploads\/2025\/09\/akustik-turkuler-131-1024x273.png\" class=\"attachment-large size-large wp-image-15\" alt=\"\" srcset=\"https:\/\/akustikturkuler.com\/wp-content\/uploads\/2025\/09\/akustik-turkuler-131-1024x273.png 1024w, https:\/\/akustikturkuler.com\/wp-content\/uploads\/2025\/09\/akustik-turkuler-131-300x80.png 300w, https:\/\/akustikturkuler.com\/wp-content\/uploads\/2025\/09\/akustik-turkuler-131-768x204.png 768w, https:\/\/akustikturkuler.com\/wp-content\/uploads\/2025\/09\/akustik-turkuler-131.png 1315w\" sizes=\"(max-width: 1024px) 100vw, 1024px\" \/>\t\t\t\t\t\t\t\t\t\t\t\t\t\t\t<\/div>\n\t\t\t\t<div class=\"elementor-element elementor-element-8c9221f elementor-widget__width-initial elementor-widget-tablet__width-initial elementor-widget-mobile__width-initial elementor-widget elementor-widget-n-accordion\" data-id=\"8c9221f\" data-element_type=\"widget\" data-e-type=\"widget\" data-settings=\"{&quot;default_state&quot;:&quot;all_collapsed&quot;,&quot;max_items_expended&quot;:&quot;one&quot;,&quot;n_accordion_animation_duration&quot;:{&quot;unit&quot;:&quot;ms&quot;,&quot;size&quot;:400,&quot;sizes&quot;:[]}}\" data-widget_type=\"nested-accordion.default\">\n\t\t\t\t\t\t\t<div class=\"e-n-accordion\" aria-label=\"Accordion. Open links with Enter or Space, close with Escape, and navigate with Arrow Keys\">\n\t\t\t\t\t\t<details id=\"e-n-accordion-item-1470\" class=\"e-n-accordion-item\" >\n\t\t\t\t<summary class=\"e-n-accordion-item-title\" data-accordion-index=\"1\" tabindex=\"0\" aria-expanded=\"false\" aria-controls=\"e-n-accordion-item-1470\" >\n\t\t\t\t\t<span class='e-n-accordion-item-title-header'><div class=\"e-n-accordion-item-title-text\"> K\u00fcnye <\/div><\/span>\n\t\t\t\t\t\t\t<span class='e-n-accordion-item-title-icon'>\n\t\t\t<span class='e-opened' ><svg aria-hidden=\"true\" class=\"e-font-icon-svg e-fas-angle-up\" viewBox=\"0 0 320 512\" xmlns=\"http:\/\/www.w3.org\/2000\/svg\"><path d=\"M177 159.7l136 136c9.4 9.4 9.4 24.6 0 33.9l-22.6 22.6c-9.4 9.4-24.6 9.4-33.9 0L160 255.9l-96.4 96.4c-9.4 9.4-24.6 9.4-33.9 0L7 329.7c-9.4-9.4-9.4-24.6 0-33.9l136-136c9.4-9.5 24.6-9.5 34-.1z\"><\/path><\/svg><\/span>\n\t\t\t<span class='e-closed'><svg aria-hidden=\"true\" class=\"e-font-icon-svg e-fas-angle-down\" viewBox=\"0 0 320 512\" xmlns=\"http:\/\/www.w3.org\/2000\/svg\"><path d=\"M143 352.3L7 216.3c-9.4-9.4-9.4-24.6 0-33.9l22.6-22.6c9.4-9.4 24.6-9.4 33.9 0l96.4 96.4 96.4-96.4c9.4-9.4 24.6-9.4 33.9 0l22.6 22.6c9.4 9.4 9.4 24.6 0 33.9l-136 136c-9.2 9.4-24.4 9.4-33.8 0z\"><\/path><\/svg><\/span>\n\t\t<\/span>\n\n\t\t\t\t\t\t<\/summary>\n\t\t\t\t<div role=\"region\" aria-labelledby=\"e-n-accordion-item-1470\" class=\"elementor-element elementor-element-771b97e e-con-full e-flex e-con e-child\" data-id=\"771b97e\" data-element_type=\"container\" data-e-type=\"container\">\n\t\t\t\t<div class=\"elementor-element elementor-element-a1bd408 elementor-widget__width-initial elementor-widget elementor-widget-text-editor\" data-id=\"a1bd408\" data-element_type=\"widget\" data-e-type=\"widget\" data-widget_type=\"text-editor.default\">\n\t\t\t\t\t\t\t\t\t<div class=\"elementToProof\"><div class=\"elementToProof\"><strong>\u015e\u0130RKET B\u0130LG\u0130LER\u0130<\/strong><\/div><div class=\"elementToProof\">\u00dcnvan\u0131: GENDA RADYO TEK REKLAMCILIK YAYINCILIK T\u0130C. A.\u015e.<br \/>Logo\/\u00c7a\u011fr\u0131\u0130\u015fareti: Akustik T\u00fcrk\u00fcler<br \/>Yay\u0131n Ortam\u0131: Karasal Ortam<br \/>Lisan Tipi: R3<br \/>Yay\u0131n T\u00fcr\u00fc: Genel Yay\u0131n<br \/>Yaz\u0131\u015fma Adresi: Adnan Kahveci Mah. Yavuz Sultan Selim Bulv. Perlavista Res. No:1B\/104 Beylikd\u00fcz\u00fc \/ \u0130ST.<br \/>Telefon ve Faks: 0212 925 50 44 \u2013 0212 676 12 50<br \/>\u0130nternet Adresi: www.akustikturkuler.com<br \/>E-posta: info@akustikturkuler.com<br \/>KEP: gendaradyo@hs03.kep.tr<\/div><div>\u00a0<\/div><div class=\"elementToProof\"><strong>SORUMLU M\u00dcD\u00dcR<\/strong><\/div><div class=\"elementToProof\">Ad\u0131 Soyad\u0131: Esra Geco ( Radyo Yay\u0131nlar\u0131 ve Programlar\u0131ndan Sorumlu M\u00fcd\u00fcr )<br \/>\u0130leti\u015fim Bilgileri: Adnan Kahveci Mah. Yavuz Sultan Selim Bulv. Perlavista Res. No:1B\/104 Beylikd\u00fcz\u00fc \/ \u0130ST.<br \/>Posta Adresi: Adnan Kahveci Mah. Yavuz Sultan Selim Bulv. Perlavista Res. No:1B\/104 Beylikd\u00fcz\u00fc \/ \u0130ST.<br \/>Telefon ve Faks: 0212 925 50 44 \u2013 0212 676 12 50<br \/>E-posta Adresi: info@akustikturkuler.com<\/div><div>\u00a0<\/div><div class=\"elementToProof\"><strong>\u0130ZLEY\u0130C\u0130 TEMS\u0130LC\u0130S\u0130<\/strong><\/div><div class=\"elementToProof\">Ad\u0131- Soyad\u0131: \u0130smail ADIYAMAN<br \/>\u0130leti\u015fim Bilgileri: Adnan Kahveci Mah. Yavuz Sultan Selim Bulv. Perlavista Res. No:1B\/104 Beylikd\u00fcz\u00fc \/ \u0130ST.<br \/>Posta Adresi: Adnan Kahveci Mah. Yavuz Sultan Selim Bulv. Perlavista Res. No:1B\/104 Beylikd\u00fcz\u00fc \/ \u0130ST.<br \/>Telefon ve Faks: 0212 925 50 44 \u2013 0212 676 12 50<br \/>E-posta Adresi: info@akustikturkuler.com<\/div><\/div><div class=\"elementToProof\">\u00a0<\/div>\t\t\t\t\t\t\t\t<\/div>\n\t\t\t\t<\/div>\n\t\t\t\t\t<\/details>\n\t\t\t\t\t<\/div>\n\t\t\t\t\t\t<\/div>\n\t\t\t\t\t<\/div>\n\t\t\t\t<\/div>\n\t\t\t\t<\/div>\n\t\t","protected":false},"excerpt":{"rendered":"<p>K\u00fcnye \u015e\u0130RKET B\u0130LG\u0130LER\u0130\u00dcnvan\u0131: GENDA RADYO TEK REKLAMCILIK YAYINCILIK T\u0130C. A.\u015e.Logo\/\u00c7a\u011fr\u0131\u0130\u015fareti: Akustik T\u00fcrk\u00fclerYay\u0131n Ortam\u0131: Karasal OrtamLisan Tipi: R3Yay\u0131n T\u00fcr\u00fc: Genel Yay\u0131nYaz\u0131\u015fma Adresi: Adnan Kahveci Mah. Yavuz Sultan Selim Bulv. Perlavista Res. No:1B\/104 Beylikd\u00fcz\u00fc \/ \u0130ST.Telefon ve Faks: 0212 925 50 44 \u2013 0212 676 12 50\u0130nternet Adresi: www.akustikturkuler.comE-posta: info@akustikturkuler.comKEP: gendaradyo@hs03.kep.tr\u00a0SORUMLU M\u00dcD\u00dcRAd\u0131 Soyad\u0131: Esra Geco ( Radyo [&hellip;]<\/p>\n","protected":false},"author":1,"featured_media":0,"parent":0,"menu_order":0,"comment_status":"closed","ping_status":"closed","template":"elementor_canvas","meta":{"footnotes":""},"class_list":["post-7","page","type-page","status-publish","hentry"],"_links":{"self":[{"href":"https:\/\/akustikturkuler.com\/index.php?rest_route=\/wp\/v2\/pages\/7","targetHints":{"allow":["GET"]}}],"collection":[{"href":"https:\/\/akustikturkuler.com\/index.php?rest_route=\/wp\/v2\/pages"}],"about":[{"href":"https:\/\/akustikturkuler.com\/index.php?rest_route=\/wp\/v2\/types\/page"}],"author":[{"embeddable":true,"href":"https:\/\/akustikturkuler.com\/index.php?rest_route=\/wp\/v2\/users\/1"}],"replies":[{"embeddable":true,"href":"https:\/\/akustikturkuler.com\/index.php?rest_route=%2Fwp%2Fv2%2Fcomments&post=7"}],"version-history":[{"count":39,"href":"https:\/\/akustikturkuler.com\/index.php?rest_route=\/wp\/v2\/pages\/7\/revisions"}],"predecessor-version":[{"id":51,"href":"https:\/\/akustikturkuler.com\/index.php?rest_route=\/wp\/v2\/pages\/7\/revisions\/51"}],"wp:attachment":[{"href":"https:\/\/akustikturkuler.com\/index.php?rest_route=%2Fwp%2Fv2%2Fmedia&parent=7"}],"curies":[{"name":"wp","href":"https:\/\/api.w.org\/{rel}","templated":true}]}}